{"id":247821,"date":"2022-08-30T18:42:39","date_gmt":"2022-08-30T17:42:39","guid":{"rendered":"https:\/\/hotel-loustalet.com\/contact-acces\/"},"modified":"2024-04-28T11:07:27","modified_gmt":"2024-04-28T10:07:27","slug":"contact-acces","status":"publish","type":"page","link":"https:\/\/hotel-loustalet.com\/ca\/contact-acces\/","title":{"rendered":"Contacte &amp; acc\u00e9s"},"content":{"rendered":"","protected":false},"excerpt":{"rendered":"","protected":false},"author":1,"featured_media":0,"parent":0,"menu_order":0,"comment_status":"closed","ping_status":"closed","template":"","meta":{"_acf_changed":false,"_et_pb_use_builder":"off","_et_pb_old_content":"","_et_gb_content_width":"","footnotes":""},"class_list":["post-247821","page","type-page","status-publish","hentry"],"acf":[],"yoast_head":"<!-- This site is optimized with the Yoast SEO plugin v27.5 - https:\/\/yoast.com\/product\/yoast-seo-wordpress\/ -->\n<title>Contacte &amp; acc\u00e9s | H\u00f4tel l&#039;Oustalet<\/title>\n<meta name=\"description\" content=\"No dubtis a contactar amb nosaltres per a qualsevol informaci\u00f3 complement\u00e0ria de l&#039;Hotel l&#039;Oustalet: habitacions, acc\u00e9s, activitats.\" \/>\n<meta name=\"robots\" content=\"index, follow, max-snippet:-1, max-image-preview:large, max-video-preview:-1\" \/>\n<link rel=\"canonical\" href=\"https:\/\/hotel-loustalet.com\/ca\/contact-acces\/\" \/>\n<meta property=\"og:locale\" content=\"ca_ES\" \/>\n<meta property=\"og:type\" content=\"article\" \/>\n<meta property=\"og:title\" content=\"Contacte &amp; acc\u00e9s | H\u00f4tel l&#039;Oustalet\" \/>\n<meta property=\"og:description\" content=\"No dubtis a contactar amb nosaltres per a qualsevol informaci\u00f3 complement\u00e0ria de l&#039;Hotel l&#039;Oustalet: habitacions, acc\u00e9s, activitats.\" \/>\n<meta property=\"og:url\" content=\"https:\/\/hotel-loustalet.com\/ca\/contact-acces\/\" \/>\n<meta property=\"og:site_name\" content=\"H\u00f4tel l&#039;Oustalet\" \/>\n<meta property=\"article:modified_time\" content=\"2024-04-28T10:07:27+00:00\" \/>\n<meta name=\"twitter:card\" content=\"summary_large_image\" \/>\n<script type=\"application\/ld+json\" class=\"yoast-schema-graph\">{\"@context\":\"https:\\\/\\\/schema.org\",\"@graph\":[{\"@type\":\"WebPage\",\"@id\":\"https:\\\/\\\/hotel-loustalet.com\\\/ca\\\/contact-acces\\\/\",\"url\":\"https:\\\/\\\/hotel-loustalet.com\\\/ca\\\/contact-acces\\\/\",\"name\":\"Contacte &amp; acc\u00e9s | H\u00f4tel l&#039;Oustalet\",\"isPartOf\":{\"@id\":\"https:\\\/\\\/hotel-loustalet.com\\\/ca\\\/#website\"},\"datePublished\":\"2022-08-30T17:42:39+00:00\",\"dateModified\":\"2024-04-28T10:07:27+00:00\",\"description\":\"No dubtis a contactar amb nosaltres per a qualsevol informaci\u00f3 complement\u00e0ria de l'Hotel l'Oustalet: habitacions, acc\u00e9s, activitats.\",\"breadcrumb\":{\"@id\":\"https:\\\/\\\/hotel-loustalet.com\\\/ca\\\/contact-acces\\\/#breadcrumb\"},\"inLanguage\":\"ca\",\"potentialAction\":[{\"@type\":\"ReadAction\",\"target\":[\"https:\\\/\\\/hotel-loustalet.com\\\/ca\\\/contact-acces\\\/\"]}]},{\"@type\":\"BreadcrumbList\",\"@id\":\"https:\\\/\\\/hotel-loustalet.com\\\/ca\\\/contact-acces\\\/#breadcrumb\",\"itemListElement\":[{\"@type\":\"ListItem\",\"position\":1,\"name\":\"Accueil\",\"item\":\"https:\\\/\\\/hotel-loustalet.com\\\/ca\\\/\"},{\"@type\":\"ListItem\",\"position\":2,\"name\":\"Contacte &amp; acc\u00e9s\"}]},{\"@type\":\"WebSite\",\"@id\":\"https:\\\/\\\/hotel-loustalet.com\\\/ca\\\/#website\",\"url\":\"https:\\\/\\\/hotel-loustalet.com\\\/ca\\\/\",\"name\":\"H\u00f4tel l&#039;Oustalet\",\"description\":\"\",\"potentialAction\":[{\"@type\":\"SearchAction\",\"target\":{\"@type\":\"EntryPoint\",\"urlTemplate\":\"https:\\\/\\\/hotel-loustalet.com\\\/ca\\\/?s={search_term_string}\"},\"query-input\":{\"@type\":\"PropertyValueSpecification\",\"valueRequired\":true,\"valueName\":\"search_term_string\"}}],\"inLanguage\":\"ca\"}]}<\/script>\n<!-- \/ Yoast SEO plugin. -->","yoast_head_json":{"title":"Contacte &amp; acc\u00e9s | H\u00f4tel l&#039;Oustalet","description":"No dubtis a contactar amb nosaltres per a qualsevol informaci\u00f3 complement\u00e0ria de l'Hotel l'Oustalet: habitacions, acc\u00e9s, activitats.","robots":{"index":"index","follow":"follow","max-snippet":"max-snippet:-1","max-image-preview":"max-image-preview:large","max-video-preview":"max-video-preview:-1"},"canonical":"https:\/\/hotel-loustalet.com\/ca\/contact-acces\/","og_locale":"ca_ES","og_type":"article","og_title":"Contacte &amp; acc\u00e9s | H\u00f4tel l&#039;Oustalet","og_description":"No dubtis a contactar amb nosaltres per a qualsevol informaci\u00f3 complement\u00e0ria de l'Hotel l'Oustalet: habitacions, acc\u00e9s, activitats.","og_url":"https:\/\/hotel-loustalet.com\/ca\/contact-acces\/","og_site_name":"H\u00f4tel l&#039;Oustalet","article_modified_time":"2024-04-28T10:07:27+00:00","twitter_card":"summary_large_image","schema":{"@context":"https:\/\/schema.org","@graph":[{"@type":"WebPage","@id":"https:\/\/hotel-loustalet.com\/ca\/contact-acces\/","url":"https:\/\/hotel-loustalet.com\/ca\/contact-acces\/","name":"Contacte &amp; acc\u00e9s | H\u00f4tel l&#039;Oustalet","isPartOf":{"@id":"https:\/\/hotel-loustalet.com\/ca\/#website"},"datePublished":"2022-08-30T17:42:39+00:00","dateModified":"2024-04-28T10:07:27+00:00","description":"No dubtis a contactar amb nosaltres per a qualsevol informaci\u00f3 complement\u00e0ria de l'Hotel l'Oustalet: habitacions, acc\u00e9s, activitats.","breadcrumb":{"@id":"https:\/\/hotel-loustalet.com\/ca\/contact-acces\/#breadcrumb"},"inLanguage":"ca","potentialAction":[{"@type":"ReadAction","target":["https:\/\/hotel-loustalet.com\/ca\/contact-acces\/"]}]},{"@type":"BreadcrumbList","@id":"https:\/\/hotel-loustalet.com\/ca\/contact-acces\/#breadcrumb","itemListElement":[{"@type":"ListItem","position":1,"name":"Accueil","item":"https:\/\/hotel-loustalet.com\/ca\/"},{"@type":"ListItem","position":2,"name":"Contacte &amp; acc\u00e9s"}]},{"@type":"WebSite","@id":"https:\/\/hotel-loustalet.com\/ca\/#website","url":"https:\/\/hotel-loustalet.com\/ca\/","name":"H\u00f4tel l&#039;Oustalet","description":"","potentialAction":[{"@type":"SearchAction","target":{"@type":"EntryPoint","urlTemplate":"https:\/\/hotel-loustalet.com\/ca\/?s={search_term_string}"},"query-input":{"@type":"PropertyValueSpecification","valueRequired":true,"valueName":"search_term_string"}}],"inLanguage":"ca"}]}},"_links":{"self":[{"href":"https:\/\/hotel-loustalet.com\/ca\/wp-json\/wp\/v2\/pages\/247821","targetHints":{"allow":["GET"]}}],"collection":[{"href":"https:\/\/hotel-loustalet.com\/ca\/wp-json\/wp\/v2\/pages"}],"about":[{"href":"https:\/\/hotel-loustalet.com\/ca\/wp-json\/wp\/v2\/types\/page"}],"author":[{"embeddable":true,"href":"https:\/\/hotel-loustalet.com\/ca\/wp-json\/wp\/v2\/users\/1"}],"replies":[{"embeddable":true,"href":"https:\/\/hotel-loustalet.com\/ca\/wp-json\/wp\/v2\/comments?post=247821"}],"version-history":[{"count":3,"href":"https:\/\/hotel-loustalet.com\/ca\/wp-json\/wp\/v2\/pages\/247821\/revisions"}],"predecessor-version":[{"id":248636,"href":"https:\/\/hotel-loustalet.com\/ca\/wp-json\/wp\/v2\/pages\/247821\/revisions\/248636"}],"wp:attachment":[{"href":"https:\/\/hotel-loustalet.com\/ca\/wp-json\/wp\/v2\/media?parent=247821"}],"curies":[{"name":"wp","href":"https:\/\/api.w.org\/{rel}","templated":true}]}}