{"id":247827,"date":"2022-04-27T14:54:04","date_gmt":"2022-04-27T13:54:04","guid":{"rendered":"https:\/\/hotel-loustalet.com\/mentions-legales\/"},"modified":"2024-07-15T15:03:31","modified_gmt":"2024-07-15T14:03:31","slug":"mentions-legales","status":"publish","type":"page","link":"https:\/\/hotel-loustalet.com\/ca\/mentions-legales\/","title":{"rendered":"Mentions l\u00e9gales"},"content":{"rendered":"\r\n<h4><span style=\"font-weight: 400;\">AV\u00cdS LEGAL SAS L\u2019OUSTALET<\/span><\/h4>\r\n<ul>\r\n<li style=\"font-weight: 400;\" aria-level=\"1\"><span style=\"font-weight: 400;\">SAS amb capital social d&#8217;1.000,00 euros<\/span><\/li>\r\n<li style=\"font-weight: 400;\" aria-level=\"1\"><span style=\"font-weight: 400;\">Seu social: Av Mar\u00e9chal Leclerc, 66120 FONT-ROMEU-ODEILLO-VIA\u00a0<\/span><\/li>\r\n<li>Immatriculada al RCS de Perpiny\u00e0 sota el n\u00famero (en curs)<\/li>\r\n<li>N\u00famero d&#8217;IVA intracomunitari: (en curs)<\/li>\r\n<li>Director de publicaci\u00f3: Jean-Christophe SOLERE<\/li>\r\n<li>Responsable de redacci\u00f3: Director de L\u2019OUSTALET\u00a0<\/li>\r\n<li>Direcci\u00f3 email\/n\u00famero de 00 34 4 68 30 11 32 :\u00a0<\/li>\r\n<li style=\"font-weight: 400;\" aria-level=\"1\"><span>URL de la web: <\/span><a href=\"http:\/\/www.hotel-loustalet.com\"><span>www.hotel-loustalet.com<\/span><\/a><span>\u00a0\u00a0<\/span><\/li>\r\n<\/ul>\r\n<p><span style=\"font-weight: 400;\"><br \/><\/span><b>Accedint a aquesta p\u00e0gina web l&#8217;usuari reconeix haber pres coneixement de la present informaci\u00f3 i la seva plena acceptaci\u00f3.<\/b><\/p>\r\n<h4>\u00a0<\/h4>\r\n<h4><span style=\"font-weight: 400;\">Allotjament, concepci\u00f3 i realitzaci\u00f3 de la web<\/span><\/h4>\r\n<p><span style=\"font-weight: 400;\">La p\u00e0gina est\u00e0 desenvolupada i allotjada per la societat AttrapTemps SARL, amb capital social de 30.000,00 euros, immatriculada al RCS de Perpiny\u00e0 sota el n\u00famero 407 836 089, amb seu social a 70 av Alfred Kastler 66100 Perpiny\u00e0 \u2013 Fran\u00e7a.<\/span><\/p>\r\n<h4>\u00a0<\/h4>\r\n<h4><span style=\"font-weight: 400;\">Propietat Intel\u00b7lectual<\/span><\/h4>\r\n<p><span style=\"font-weight: 400;\">El conjunt d&#8217;elements que constitueixen aquesta web (textos, grafismes, programes, fotografies, imatges, v\u00eddeos, sons, plans, noms, logos, marques, creacions i obres protegibles diverses, bases de dades, registrades o no, etc.\u2026) aix\u00ed com la web en ella mateixa es regeixen per la normativa francesa relativa als drets d&#8217;autor i de la propietat intel\u00b7lectual.<\/span><\/p>\r\n<p><span style=\"font-weight: 400;\">La web i els seus elements s\u00f3n propietat de la SAS L\u2019OUSTALET o utilitzats per ella.<\/span><\/p>\r\n<p><span style=\"font-weight: 400;\">Recordem que tot \u00fas, reproducci\u00f3, representaci\u00f3, modificaci\u00f3, adaptaci\u00f3, traducci\u00f3, copia o distribuci\u00f3 de qualsevol dels elements de la web o la web integralment o parcial, sobre qualsevol suport (electr\u00f2nic o paper o qualsevol altre) sense l\u2019autoritzaci\u00f3 a l&#8217;avan\u00e7a i expressa del seu propietari \u00e9s prohibida, segons les disposicions del codi de la propietat intel\u00b7lectual.<\/span><\/p>\r\n<p><span style=\"font-weight: 400;\">Tot us no autoritzat comporta una violaci\u00f3 dels drets d&#8217;autor i constitueix una falsificaci\u00f3. Tamb\u00e9 pot suposar una violaci\u00f3 dels drets d&#8217;imatge, drets de les persones o qualsevol altre dret i reglamentaci\u00f3 en vigor. \u00c9s per aix\u00f2 que pot comprometre la responsabilitat civil i\/o penal del seu autor.\u00a0<\/span><\/p>\r\n<p><span style=\"font-weight: 400;\">El propietari es reserva el dret d&#8217;emprendre accions legals contra qualsevol persona que hagi respectat aquesta prohibici\u00f3<\/span><span style=\"font-weight: 400;\">.<\/span><\/p>\r\n<h4>\u00a0<\/h4>\r\n<h4><span style=\"font-weight: 400;\">Condicions d\u2019\u00fas de la web i responsabilitats derivades<\/span><\/h4>\r\n<p><span style=\"font-weight: 400;\">En el marc de l&#8217;\u00fas de la p\u00e0gina web, el propietari de la web no pot ser tingut per responsable:<\/span><\/p>\r\n<ul>\r\n<li style=\"font-weight: 400;\" aria-level=\"1\"><span style=\"font-weight: 400;\">Dels danys de qualsevol natura, directes o indirectes resultant del contingut, de l\u2019acc\u00e9s, de l&#8217;\u00fas de la web o de les webs associades, incloent de manera no limitativa qualsevol p\u00e8rdua d&#8217;explotaci\u00f3, financera o comercial, de programes o de dades, qualsevol deteriorament o virus que pugui infectar l\u2019equipament inform\u00e0tic o tot altre b\u00e9 de l\u2019usuari de la web.<\/span><\/li>\r\n<li style=\"font-weight: 400;\" aria-level=\"1\"><span style=\"font-weight: 400;\">Dels problemes t\u00e8cnics o altres, que facin l\u2019acc\u00e9s a la web o a les web associades dif\u00edcil o impossible, sigui quin sigui l\u2019origen.<\/span><\/li>\r\n<li style=\"font-weight: 400;\" aria-level=\"1\"><span style=\"font-weight: 400;\">\u00a0De la interpretaci\u00f3 de la informaci\u00f3 presentada a la web i m\u00e9s generalment dels errors o omissions que podria contenir la web malgrat els esfor\u00e7os del seu propietari per difondre informaci\u00f3 precisa i les actualitzacions.<\/span><\/li>\r\n<\/ul>\r\n<p><span style=\"font-weight: 400;\">\u00a0<\/span><\/p>\r\n<p><span style=\"font-weight: 400;\">Podeu, durant la vostra navegaci\u00f3 a la web <\/span><a href=\"http:\/\/www.hotel-loustalet.com\"><span style=\"font-weight: 400;\">www.hotel-loustalet.com<\/span><\/a><span style=\"font-weight: 400;\">, accedir a enlla\u00e7os cap a d&#8217;altres web o a d&#8217;altres fonts d&#8217;Internet. El <\/span><span style=\"font-weight: 400;\">propietari no pot controlar aquestes fonts i per conseq\u00fcent, no pot ser considerat responsable del contingut, publicitats, productes, serveis o d&#8217;altres que no pot controlar.<\/span><\/p>\r\n<h4>\u00a0<\/h4>\r\n<h4><span style=\"font-weight: 400;\">Condicions Generals de Venda i d\u2019\u00das<\/span><\/h4>\r\n<p><span style=\"font-weight: 400;\">Les Condicions Generals de Venda i d\u2019\u00das en vigor s\u00f3n consultables a la nostra p\u00e0gina <\/span><a href=\"http:\/\/www.hotel-loustalet.com\"><span style=\"font-weight: 400;\">www.hotel-loustalet.com<\/span><\/a><\/p>\r\n<h4>\u00a0<\/h4>\r\n<h4><span style=\"font-weight: 400;\">Diversos<\/span><\/h4>\r\n<p><span style=\"font-weight: 400;\">El propietari de la web es reserva el dret de modificaci\u00f3 del present avis legal en tot moment. \u00c9s necessari consultar-lo regularment. El dret aplicable a la web <\/span><a href=\"http:\/\/www.hotel-loustalet.com\"><span style=\"font-weight: 400;\">www.hotel-loustalet.com<\/span><\/a><span style=\"font-weight: 400;\">\u00a0 \u00e9s el dret franc\u00e8s. Per qualsevol litigi, el tribunal competent \u00e9s exclusivament el de Perpiny\u00e0.<\/span><\/p>","protected":false},"excerpt":{"rendered":"<p>AV\u00cdS LEGAL SAS L\u2019OUSTALET SAS amb capital social d&#8217;1.000,00 euros Seu social: Av Mar\u00e9chal Leclerc, 66120 FONT-ROMEU-ODEILLO-VIA\u00a0 Immatriculada al RCS de Perpiny\u00e0 sota el n\u00famero (en curs) N\u00famero d&#8217;IVA intracomunitari: (en curs) Director de publicaci\u00f3: Jean-Christophe SOLERE Responsable de redacci\u00f3: Director de L\u2019OUSTALET\u00a0 Direcci\u00f3 email\/n\u00famero de 00 34 4 68 30 11 32 :\u00a0 URL [&hellip;]<\/p>\n","protected":false},"author":1,"featured_media":0,"parent":0,"menu_order":0,"comment_status":"closed","ping_status":"closed","template":"","meta":{"_acf_changed":false,"_et_pb_use_builder":"","_et_pb_old_content":"","_et_gb_content_width":"","footnotes":""},"class_list":["post-247827","page","type-page","status-publish","hentry"],"acf":[],"yoast_head":"<!-- This site is optimized with the Yoast SEO plugin v27.5 - https:\/\/yoast.com\/product\/yoast-seo-wordpress\/ -->\n<title>Mentions l\u00e9gales | H\u00f4tel l&#039;Oustalet<\/title>\n<meta name=\"robots\" content=\"index, follow, max-snippet:-1, max-image-preview:large, max-video-preview:-1\" \/>\n<link rel=\"canonical\" href=\"https:\/\/hotel-loustalet.com\/ca\/mentions-legales\/\" \/>\n<meta property=\"og:locale\" content=\"ca_ES\" \/>\n<meta property=\"og:type\" content=\"article\" \/>\n<meta property=\"og:title\" content=\"Mentions l\u00e9gales | H\u00f4tel l&#039;Oustalet\" \/>\n<meta property=\"og:description\" content=\"AV\u00cdS LEGAL SAS L\u2019OUSTALET SAS amb capital social d&#8217;1.000,00 euros Seu social: Av Mar\u00e9chal Leclerc, 66120 FONT-ROMEU-ODEILLO-VIA\u00a0 Immatriculada al RCS de Perpiny\u00e0 sota el n\u00famero (en curs) N\u00famero d&#8217;IVA intracomunitari: (en curs) Director de publicaci\u00f3: Jean-Christophe SOLERE Responsable de redacci\u00f3: Director de L\u2019OUSTALET\u00a0 Direcci\u00f3 email\/n\u00famero de 00 34 4 68 30 11 32 :\u00a0 URL [&hellip;]\" \/>\n<meta property=\"og:url\" content=\"https:\/\/hotel-loustalet.com\/ca\/mentions-legales\/\" \/>\n<meta property=\"og:site_name\" content=\"H\u00f4tel l&#039;Oustalet\" \/>\n<meta property=\"article:modified_time\" content=\"2024-07-15T14:03:31+00:00\" \/>\n<meta name=\"twitter:card\" content=\"summary_large_image\" \/>\n<script type=\"application\/ld+json\" class=\"yoast-schema-graph\">{\"@context\":\"https:\\\/\\\/schema.org\",\"@graph\":[{\"@type\":\"WebPage\",\"@id\":\"https:\\\/\\\/hotel-loustalet.com\\\/ca\\\/mentions-legales\\\/\",\"url\":\"https:\\\/\\\/hotel-loustalet.com\\\/ca\\\/mentions-legales\\\/\",\"name\":\"Mentions l\u00e9gales | H\u00f4tel l&#039;Oustalet\",\"isPartOf\":{\"@id\":\"https:\\\/\\\/hotel-loustalet.com\\\/ca\\\/#website\"},\"datePublished\":\"2022-04-27T13:54:04+00:00\",\"dateModified\":\"2024-07-15T14:03:31+00:00\",\"breadcrumb\":{\"@id\":\"https:\\\/\\\/hotel-loustalet.com\\\/ca\\\/mentions-legales\\\/#breadcrumb\"},\"inLanguage\":\"ca\",\"potentialAction\":[{\"@type\":\"ReadAction\",\"target\":[\"https:\\\/\\\/hotel-loustalet.com\\\/ca\\\/mentions-legales\\\/\"]}]},{\"@type\":\"BreadcrumbList\",\"@id\":\"https:\\\/\\\/hotel-loustalet.com\\\/ca\\\/mentions-legales\\\/#breadcrumb\",\"itemListElement\":[{\"@type\":\"ListItem\",\"position\":1,\"name\":\"Accueil\",\"item\":\"https:\\\/\\\/hotel-loustalet.com\\\/ca\\\/\"},{\"@type\":\"ListItem\",\"position\":2,\"name\":\"Mentions l\u00e9gales\"}]},{\"@type\":\"WebSite\",\"@id\":\"https:\\\/\\\/hotel-loustalet.com\\\/ca\\\/#website\",\"url\":\"https:\\\/\\\/hotel-loustalet.com\\\/ca\\\/\",\"name\":\"H\u00f4tel l&#039;Oustalet\",\"description\":\"\",\"potentialAction\":[{\"@type\":\"SearchAction\",\"target\":{\"@type\":\"EntryPoint\",\"urlTemplate\":\"https:\\\/\\\/hotel-loustalet.com\\\/ca\\\/?s={search_term_string}\"},\"query-input\":{\"@type\":\"PropertyValueSpecification\",\"valueRequired\":true,\"valueName\":\"search_term_string\"}}],\"inLanguage\":\"ca\"}]}<\/script>\n<!-- \/ Yoast SEO plugin. -->","yoast_head_json":{"title":"Mentions l\u00e9gales | H\u00f4tel l&#039;Oustalet","robots":{"index":"index","follow":"follow","max-snippet":"max-snippet:-1","max-image-preview":"max-image-preview:large","max-video-preview":"max-video-preview:-1"},"canonical":"https:\/\/hotel-loustalet.com\/ca\/mentions-legales\/","og_locale":"ca_ES","og_type":"article","og_title":"Mentions l\u00e9gales | H\u00f4tel l&#039;Oustalet","og_description":"AV\u00cdS LEGAL SAS L\u2019OUSTALET SAS amb capital social d&#8217;1.000,00 euros Seu social: Av Mar\u00e9chal Leclerc, 66120 FONT-ROMEU-ODEILLO-VIA\u00a0 Immatriculada al RCS de Perpiny\u00e0 sota el n\u00famero (en curs) N\u00famero d&#8217;IVA intracomunitari: (en curs) Director de publicaci\u00f3: Jean-Christophe SOLERE Responsable de redacci\u00f3: Director de L\u2019OUSTALET\u00a0 Direcci\u00f3 email\/n\u00famero de 00 34 4 68 30 11 32 :\u00a0 URL [&hellip;]","og_url":"https:\/\/hotel-loustalet.com\/ca\/mentions-legales\/","og_site_name":"H\u00f4tel l&#039;Oustalet","article_modified_time":"2024-07-15T14:03:31+00:00","twitter_card":"summary_large_image","schema":{"@context":"https:\/\/schema.org","@graph":[{"@type":"WebPage","@id":"https:\/\/hotel-loustalet.com\/ca\/mentions-legales\/","url":"https:\/\/hotel-loustalet.com\/ca\/mentions-legales\/","name":"Mentions l\u00e9gales | H\u00f4tel l&#039;Oustalet","isPartOf":{"@id":"https:\/\/hotel-loustalet.com\/ca\/#website"},"datePublished":"2022-04-27T13:54:04+00:00","dateModified":"2024-07-15T14:03:31+00:00","breadcrumb":{"@id":"https:\/\/hotel-loustalet.com\/ca\/mentions-legales\/#breadcrumb"},"inLanguage":"ca","potentialAction":[{"@type":"ReadAction","target":["https:\/\/hotel-loustalet.com\/ca\/mentions-legales\/"]}]},{"@type":"BreadcrumbList","@id":"https:\/\/hotel-loustalet.com\/ca\/mentions-legales\/#breadcrumb","itemListElement":[{"@type":"ListItem","position":1,"name":"Accueil","item":"https:\/\/hotel-loustalet.com\/ca\/"},{"@type":"ListItem","position":2,"name":"Mentions l\u00e9gales"}]},{"@type":"WebSite","@id":"https:\/\/hotel-loustalet.com\/ca\/#website","url":"https:\/\/hotel-loustalet.com\/ca\/","name":"H\u00f4tel l&#039;Oustalet","description":"","potentialAction":[{"@type":"SearchAction","target":{"@type":"EntryPoint","urlTemplate":"https:\/\/hotel-loustalet.com\/ca\/?s={search_term_string}"},"query-input":{"@type":"PropertyValueSpecification","valueRequired":true,"valueName":"search_term_string"}}],"inLanguage":"ca"}]}},"_links":{"self":[{"href":"https:\/\/hotel-loustalet.com\/ca\/wp-json\/wp\/v2\/pages\/247827","targetHints":{"allow":["GET"]}}],"collection":[{"href":"https:\/\/hotel-loustalet.com\/ca\/wp-json\/wp\/v2\/pages"}],"about":[{"href":"https:\/\/hotel-loustalet.com\/ca\/wp-json\/wp\/v2\/types\/page"}],"author":[{"embeddable":true,"href":"https:\/\/hotel-loustalet.com\/ca\/wp-json\/wp\/v2\/users\/1"}],"replies":[{"embeddable":true,"href":"https:\/\/hotel-loustalet.com\/ca\/wp-json\/wp\/v2\/comments?post=247827"}],"version-history":[{"count":2,"href":"https:\/\/hotel-loustalet.com\/ca\/wp-json\/wp\/v2\/pages\/247827\/revisions"}],"predecessor-version":[{"id":248744,"href":"https:\/\/hotel-loustalet.com\/ca\/wp-json\/wp\/v2\/pages\/247827\/revisions\/248744"}],"wp:attachment":[{"href":"https:\/\/hotel-loustalet.com\/ca\/wp-json\/wp\/v2\/media?parent=247827"}],"curies":[{"name":"wp","href":"https:\/\/api.w.org\/{rel}","templated":true}]}}