{"id":247828,"date":"2022-04-27T14:54:04","date_gmt":"2022-04-27T13:54:04","guid":{"rendered":"https:\/\/hotel-loustalet.com\/mentions-legales\/"},"modified":"2024-07-15T15:06:59","modified_gmt":"2024-07-15T14:06:59","slug":"mentions-legales","status":"publish","type":"page","link":"https:\/\/hotel-loustalet.com\/es\/mentions-legales\/","title":{"rendered":"Aviso legal"},"content":{"rendered":"\r\n<h4><span style=\"font-weight: 400;\">AVISO LEGAL SAS L\u2019OUSTALET<\/span><\/h4>\r\n<ul>\r\n<li style=\"font-weight: 400;\" aria-level=\"1\"><span style=\"font-weight: 400;\">SAS con capital social de 1.000,00 euros<\/span><\/li>\r\n<li style=\"font-weight: 400;\" aria-level=\"1\"><span style=\"font-weight: 400;\">Sede social: Av Mar\u00e9chal Leclerc, 66120 FONT-ROMEU-ODEILLO-VIA\u00a0<\/span><\/li>\r\n<li style=\"font-weight: 400;\" aria-level=\"1\"><span style=\"font-weight: 400;\">Inmatriculada en el RCS de Perpi\u00f1\u00e1n bajo el n\u00famero (en curso)<\/span><\/li>\r\n<li style=\"font-weight: 400;\" aria-level=\"1\"><span style=\"font-weight: 400;\">N\u00famero de IVA intracomunitario: (en curso)<\/span><\/li>\r\n<li style=\"font-weight: 400;\" aria-level=\"1\"><span style=\"font-weight: 400;\">Director de publicaci\u00f3n: Jean-Christophe SOLERE<\/span><\/li>\r\n<li style=\"font-weight: 400;\" aria-level=\"1\"><span style=\"font-weight: 400;\">Responsable de redacci\u00f3n: Directeur de L\u2019OUSTALET\u00a0<\/span><\/li>\r\n<li style=\"font-weight: 400;\" aria-level=\"1\"><span style=\"font-weight: 400;\">Direcci\u00f3n email\/n\u00famero de 00 34 4 68 30 11 32 :\u00a0<\/span><\/li>\r\n<li style=\"font-weight: 400;\" aria-level=\"1\"><span style=\"font-weight: 400;\">URL de la web: <\/span><a href=\"http:\/\/www.hotel-loustalet.com\"><span style=\"font-weight: 400;\">www.hotel-loustalet.com<\/span><\/a><span style=\"font-weight: 400;\">\u00a0\u00a0<\/span><\/li>\r\n<\/ul>\r\n<p><span style=\"font-weight: 400;\"><br \/><\/span><b>Por el mero acceso a esta p\u00e1gina web, el usuario reconoce el conocimiento de la presente informaci\u00f3n y su plena aceptaci\u00f3n.<\/b><\/p>\r\n<h4>\u00a0<\/h4>\r\n<h4><span style=\"font-weight: 400;\">Alojamiento, concepci\u00f3n y realizaci\u00f3n de la web<\/span><\/h4>\r\n<p><span style=\"font-weight: 400;\">La web est\u00e1 desarrollada y alojada por la empresa AttrapTemps SARL, con un capital social de 30.000,00 euros, inscrita en el RCS de Perpignan bajo el n\u00famero 407 836 089, con sede social en 70 av Alfred Kastler 66100 Perpignan \u2013 Francia.<\/span><\/p>\r\n<h4>\u00a0<\/h4>\r\n<h4><span style=\"font-weight: 400;\">Propiedad Intelectual<\/span><\/h4>\r\n<p><span style=\"font-weight: 400;\">El conjunto de elementos que constituyen esta web (textos, gr\u00e1ficos, programas, fotograf\u00edas, im\u00e1genes, v\u00eddeos, sonidos, planos, nombres, logos, marcas, creaciones y obras protegibles diversas, bases de datos, registradas o no, etc.\u2026) as\u00ed como la web en ella misma se rigen por la normativa francesa relativa a los derechos de autor y de la propiedad intelectual.<\/span><\/p>\r\n<p><span style=\"font-weight: 400;\">La web y sus elementos son propiedad de la SAS L\u2019OUSTALET o son utilizados por ella.<\/span><\/p>\r\n<p><span style=\"font-weight: 400;\">Recordamos que todo uso, reproducci\u00f3n, representaci\u00f3n, modificaci\u00f3n, adaptaci\u00f3n, traducci\u00f3n, copia o distribuci\u00f3n de cualquiera de los elementos de la web o la web en ella misma de manera parcial o integral, sobre cualquier soporte (electr\u00f3nico o papel o cualquier otro soporte) sin autorizaci\u00f3n previa y expresa del propietario de la misma, est\u00e1 prohibida seg\u00fan las disposiciones del c\u00f3digo de la propiedad intelectual.<\/span><\/p>\r\n<p><span style=\"font-weight: 400;\">Todo uso no autorizado comporta una violaci\u00f3n de los derechos de autor y constituye una falsificaci\u00f3n. Tambi\u00e9n puede suponer una violaci\u00f3n de los derechos de imagen, derechos de las personas o cualquier otro derecho o reglamento en vigor. Por ello, puede comprometer la responsabilidad civil y\/o penal de su autor. <\/span><\/p>\r\n<p><span style=\"font-weight: 400;\">El propietario se reserva el derecho de emprender acciones judiciales contra toda persona que no hubiera respetado esta prohibici\u00f3n.<\/span><\/p>\r\n<h4>\u00a0<\/h4>\r\n<h4><span style=\"font-weight: 400;\">Condiciones de uso de la web y responsabilidades derivadas<\/span><\/h4>\r\n<p><span style=\"font-weight: 400;\">En el marco del uso de la web, el propietario de la misma no puede ser considerado responsable:<\/span><\/p>\r\n<ul>\r\n<li style=\"font-weight: 400;\" aria-level=\"1\"><span style=\"font-weight: 400;\">De los da\u00f1os de cualquier naturaleza, directos o indirectos resultantes del contenido, del acceso, del uso de la p\u00e1gina o las p\u00e1ginas ligadas, incluyendo de forma no limitativa toda p\u00e9rdida de explotaci\u00f3n, financiera o comercial, p\u00e9rdida de programas o de datos, cualquier deterioro o virus que pueda infectar el equipamiento inform\u00e1tico o cualquier otro bien del usuario de la web.<\/span><\/li>\r\n<li style=\"font-weight: 400;\" aria-level=\"1\"><span style=\"font-weight: 400;\">De los problemas t\u00e9cnicos u otros, que perturben el acceso a la web o a las webs relacionadas de manera que sea dif\u00edcil o imposible sea cual sea el origen del problema.<\/span><\/li>\r\n<li style=\"font-weight: 400;\" aria-level=\"1\"><span style=\"font-weight: 400;\">\u00a0De la interpretaci\u00f3n de la informaci\u00f3n presentada en la web y m\u00e1s generalmente de los errores u omisiones que puedan contener a pesar de los esfuerzos de su propietario por difundir la informaci\u00f3n precisa y las actualizaciones.<\/span><\/li>\r\n<\/ul>\r\n<p>&nbsp;<\/p>\r\n<p><span style=\"font-weight: 400;\">Puedes, durante la navegaci\u00f3n por la web <\/span><a href=\"http:\/\/www.hotel-loustalet.com\"><span style=\"font-weight: 400;\">www.hotel-loustalet.com<\/span><\/a><span style=\"font-weight: 400;\">, acceder a enlaces hacia otras p\u00e1ginas o hacia otras fuentes Internet. Su propietario no puede controlar estas fuentes y, por consiguiente, no puede ser considerado responsable del contenido, publicidad, productos, servicios u otros que no tenga capacidad de controlar.<\/span><\/p>\r\n<h4>\u00a0<\/h4>\r\n<h4><span style=\"font-weight: 400;\">Condiciones Generales de Venta y de uso<\/span><\/h4>\r\n<p><span style=\"font-weight: 400;\">Las Condiciones Generales de Venta y Uso en vigor son consultables en nuestra web<\/span><a href=\"http:\/\/www.hotel-loustalet.com\"><span style=\"font-weight: 400;\">www.hotel-loustalet.com<\/span><\/a><\/p>\r\n<h4>\u00a0<\/h4>\r\n<h4><span style=\"font-weight: 400;\">Diversos<\/span><\/h4>\r\n<p><span style=\"font-weight: 400;\">El propietario de la web se reserva el derecho de modificaci\u00f3n del presente aviso legal en cualquier momento. Es imprescindible consultarlo regularmente. El derecho aplicable a la web <\/span><a href=\"http:\/\/www.hotel-loustalet.com\"><span style=\"font-weight: 400;\">www.hotel-loustalet.com<\/span><\/a><span style=\"font-weight: 400;\"> es el derecho franc\u00e9s. Para cualquier litigio, el tribunal competente es exclusivamente el de Perpi\u00f1\u00e1n.<\/span><\/p>\r\n","protected":false},"excerpt":{"rendered":"<p>AVISO LEGAL SAS L\u2019OUSTALET SAS con capital social de 1.000,00 euros Sede social: Av Mar\u00e9chal Leclerc, 66120 FONT-ROMEU-ODEILLO-VIA\u00a0 Inmatriculada en el RCS de Perpi\u00f1\u00e1n bajo el n\u00famero (en curso) N\u00famero de IVA intracomunitario: (en curso) Director de publicaci\u00f3n: Jean-Christophe SOLERE Responsable de redacci\u00f3n: Directeur de L\u2019OUSTALET\u00a0 Direcci\u00f3n email\/n\u00famero de 00 34 4 68 30 11 [&hellip;]<\/p>\n","protected":false},"author":1,"featured_media":0,"parent":0,"menu_order":0,"comment_status":"closed","ping_status":"closed","template":"","meta":{"_acf_changed":false,"_et_pb_use_builder":"","_et_pb_old_content":"","_et_gb_content_width":"","footnotes":""},"class_list":["post-247828","page","type-page","status-publish","hentry"],"acf":[],"yoast_head":"<!-- This site is optimized with the Yoast SEO plugin v27.5 - https:\/\/yoast.com\/product\/yoast-seo-wordpress\/ -->\n<title>Aviso legal | H\u00f4tel l&#039;Oustalet<\/title>\n<meta name=\"robots\" content=\"index, follow, max-snippet:-1, max-image-preview:large, max-video-preview:-1\" \/>\n<link rel=\"canonical\" href=\"https:\/\/hotel-loustalet.com\/es\/mentions-legales\/\" \/>\n<meta property=\"og:locale\" content=\"es_ES\" \/>\n<meta property=\"og:type\" content=\"article\" \/>\n<meta property=\"og:title\" content=\"Aviso legal | H\u00f4tel l&#039;Oustalet\" \/>\n<meta property=\"og:description\" content=\"AVISO LEGAL SAS L\u2019OUSTALET SAS con capital social de 1.000,00 euros Sede social: Av Mar\u00e9chal Leclerc, 66120 FONT-ROMEU-ODEILLO-VIA\u00a0 Inmatriculada en el RCS de Perpi\u00f1\u00e1n bajo el n\u00famero (en curso) N\u00famero de IVA intracomunitario: (en curso) Director de publicaci\u00f3n: Jean-Christophe SOLERE Responsable de redacci\u00f3n: Directeur de L\u2019OUSTALET\u00a0 Direcci\u00f3n email\/n\u00famero de 00 34 4 68 30 11 [&hellip;]\" \/>\n<meta property=\"og:url\" content=\"https:\/\/hotel-loustalet.com\/es\/mentions-legales\/\" \/>\n<meta property=\"og:site_name\" content=\"H\u00f4tel l&#039;Oustalet\" \/>\n<meta property=\"article:modified_time\" content=\"2024-07-15T14:06:59+00:00\" \/>\n<meta name=\"twitter:card\" content=\"summary_large_image\" \/>\n<script type=\"application\/ld+json\" class=\"yoast-schema-graph\">{\"@context\":\"https:\\\/\\\/schema.org\",\"@graph\":[{\"@type\":\"WebPage\",\"@id\":\"https:\\\/\\\/hotel-loustalet.com\\\/es\\\/mentions-legales\\\/\",\"url\":\"https:\\\/\\\/hotel-loustalet.com\\\/es\\\/mentions-legales\\\/\",\"name\":\"Aviso legal | H\u00f4tel l&#039;Oustalet\",\"isPartOf\":{\"@id\":\"https:\\\/\\\/hotel-loustalet.com\\\/es\\\/#website\"},\"datePublished\":\"2022-04-27T13:54:04+00:00\",\"dateModified\":\"2024-07-15T14:06:59+00:00\",\"breadcrumb\":{\"@id\":\"https:\\\/\\\/hotel-loustalet.com\\\/es\\\/mentions-legales\\\/#breadcrumb\"},\"inLanguage\":\"es\",\"potentialAction\":[{\"@type\":\"ReadAction\",\"target\":[\"https:\\\/\\\/hotel-loustalet.com\\\/es\\\/mentions-legales\\\/\"]}]},{\"@type\":\"BreadcrumbList\",\"@id\":\"https:\\\/\\\/hotel-loustalet.com\\\/es\\\/mentions-legales\\\/#breadcrumb\",\"itemListElement\":[{\"@type\":\"ListItem\",\"position\":1,\"name\":\"Accueil\",\"item\":\"https:\\\/\\\/hotel-loustalet.com\\\/es\\\/\"},{\"@type\":\"ListItem\",\"position\":2,\"name\":\"Aviso legal\"}]},{\"@type\":\"WebSite\",\"@id\":\"https:\\\/\\\/hotel-loustalet.com\\\/es\\\/#website\",\"url\":\"https:\\\/\\\/hotel-loustalet.com\\\/es\\\/\",\"name\":\"H\u00f4tel l&#039;Oustalet\",\"description\":\"\",\"potentialAction\":[{\"@type\":\"SearchAction\",\"target\":{\"@type\":\"EntryPoint\",\"urlTemplate\":\"https:\\\/\\\/hotel-loustalet.com\\\/es\\\/?s={search_term_string}\"},\"query-input\":{\"@type\":\"PropertyValueSpecification\",\"valueRequired\":true,\"valueName\":\"search_term_string\"}}],\"inLanguage\":\"es\"}]}<\/script>\n<!-- \/ Yoast SEO plugin. -->","yoast_head_json":{"title":"Aviso legal | H\u00f4tel l&#039;Oustalet","robots":{"index":"index","follow":"follow","max-snippet":"max-snippet:-1","max-image-preview":"max-image-preview:large","max-video-preview":"max-video-preview:-1"},"canonical":"https:\/\/hotel-loustalet.com\/es\/mentions-legales\/","og_locale":"es_ES","og_type":"article","og_title":"Aviso legal | H\u00f4tel l&#039;Oustalet","og_description":"AVISO LEGAL SAS L\u2019OUSTALET SAS con capital social de 1.000,00 euros Sede social: Av Mar\u00e9chal Leclerc, 66120 FONT-ROMEU-ODEILLO-VIA\u00a0 Inmatriculada en el RCS de Perpi\u00f1\u00e1n bajo el n\u00famero (en curso) N\u00famero de IVA intracomunitario: (en curso) Director de publicaci\u00f3n: Jean-Christophe SOLERE Responsable de redacci\u00f3n: Directeur de L\u2019OUSTALET\u00a0 Direcci\u00f3n email\/n\u00famero de 00 34 4 68 30 11 [&hellip;]","og_url":"https:\/\/hotel-loustalet.com\/es\/mentions-legales\/","og_site_name":"H\u00f4tel l&#039;Oustalet","article_modified_time":"2024-07-15T14:06:59+00:00","twitter_card":"summary_large_image","schema":{"@context":"https:\/\/schema.org","@graph":[{"@type":"WebPage","@id":"https:\/\/hotel-loustalet.com\/es\/mentions-legales\/","url":"https:\/\/hotel-loustalet.com\/es\/mentions-legales\/","name":"Aviso legal | H\u00f4tel l&#039;Oustalet","isPartOf":{"@id":"https:\/\/hotel-loustalet.com\/es\/#website"},"datePublished":"2022-04-27T13:54:04+00:00","dateModified":"2024-07-15T14:06:59+00:00","breadcrumb":{"@id":"https:\/\/hotel-loustalet.com\/es\/mentions-legales\/#breadcrumb"},"inLanguage":"es","potentialAction":[{"@type":"ReadAction","target":["https:\/\/hotel-loustalet.com\/es\/mentions-legales\/"]}]},{"@type":"BreadcrumbList","@id":"https:\/\/hotel-loustalet.com\/es\/mentions-legales\/#breadcrumb","itemListElement":[{"@type":"ListItem","position":1,"name":"Accueil","item":"https:\/\/hotel-loustalet.com\/es\/"},{"@type":"ListItem","position":2,"name":"Aviso legal"}]},{"@type":"WebSite","@id":"https:\/\/hotel-loustalet.com\/es\/#website","url":"https:\/\/hotel-loustalet.com\/es\/","name":"H\u00f4tel l&#039;Oustalet","description":"","potentialAction":[{"@type":"SearchAction","target":{"@type":"EntryPoint","urlTemplate":"https:\/\/hotel-loustalet.com\/es\/?s={search_term_string}"},"query-input":{"@type":"PropertyValueSpecification","valueRequired":true,"valueName":"search_term_string"}}],"inLanguage":"es"}]}},"_links":{"self":[{"href":"https:\/\/hotel-loustalet.com\/es\/wp-json\/wp\/v2\/pages\/247828","targetHints":{"allow":["GET"]}}],"collection":[{"href":"https:\/\/hotel-loustalet.com\/es\/wp-json\/wp\/v2\/pages"}],"about":[{"href":"https:\/\/hotel-loustalet.com\/es\/wp-json\/wp\/v2\/types\/page"}],"author":[{"embeddable":true,"href":"https:\/\/hotel-loustalet.com\/es\/wp-json\/wp\/v2\/users\/1"}],"replies":[{"embeddable":true,"href":"https:\/\/hotel-loustalet.com\/es\/wp-json\/wp\/v2\/comments?post=247828"}],"version-history":[{"count":3,"href":"https:\/\/hotel-loustalet.com\/es\/wp-json\/wp\/v2\/pages\/247828\/revisions"}],"predecessor-version":[{"id":248746,"href":"https:\/\/hotel-loustalet.com\/es\/wp-json\/wp\/v2\/pages\/247828\/revisions\/248746"}],"wp:attachment":[{"href":"https:\/\/hotel-loustalet.com\/es\/wp-json\/wp\/v2\/media?parent=247828"}],"curies":[{"name":"wp","href":"https:\/\/api.w.org\/{rel}","templated":true}]}}